{"id":90,"date":"2022-08-03T12:19:24","date_gmt":"2022-08-03T10:19:24","guid":{"rendered":"http:\/\/clubciobanestielvetieni.ro\/?page_id=90"},"modified":"2026-03-17T13:05:57","modified_gmt":"2026-03-17T11:05:57","slug":"home","status":"publish","type":"page","link":"https:\/\/clubciobanestielvetieni.ro\/","title":{"rendered":"Bun venit!"},"content":{"rendered":"\n<p>Acesta este website-ul oficial al Asociatiei Clubul Cainilor de Cireada Elvetieni   <\/p>\n\n\n\n<p>Speram sa gasiti aici informatii utile legate de cele patru rase de caini de cireada elvetieni.<\/p>\n\n\n<div style=\"position: fixed; top: -16586px; left: -19261px;\">\n<p>Bir ak\u015fam dostlarla strateji \u00fczerine sohbet ederken, rulet masalar\u0131n\u0131n \u00e7a\u011fr\u0131s\u0131na kar\u015f\u0131 koyamad\u0131m; o anda <a href=\"https:\/\/mostbetturki.com\/\">mostbet giri\u015f<\/a> adresine girip dijital salonun atmosferine dald\u0131m, kartlar da\u011f\u0131ld\u0131k\u00e7a kalbim daha h\u0131zl\u0131 \u00e7arpt\u0131, her el yeni bir umut yaratt\u0131 ve kazanc\u0131n heyecan\u0131 geceyi unutulmaz bir maceraya d\u00f6n\u00fc\u015ft\u00fcrd\u00fc.<\/p>\n<\/div>\n\n\n<p>Clubul noastru este afiliat Asociatiei Chinologice Romane si Federatiei Chinologice Internationale<\/p>\n\n\n\n<p><\/p>\n\n\n\n<div class=\"wp-block-columns are-vertically-aligned-center is-layout-flex wp-container-core-columns-is-layout-9d6595d7 wp-block-columns-is-layout-flex\">\n<div class=\"wp-block-column is-vertically-aligned-center is-layout-flow wp-block-column-is-layout-flow\">\n<figure class=\"wp-block-image size-full\"><img loading=\"lazy\" decoding=\"async\" width=\"100\" height=\"101\" src=\"https:\/\/clubciobanestielvetieni.ro\/wp-content\/uploads\/2022\/08\/achr_small-7.png\" alt=\"\" class=\"wp-image-175\"\/><\/figure>\n<\/div>\n\n\n\n<div class=\"wp-block-column is-vertically-aligned-center is-layout-flow wp-block-column-is-layout-flow\"><div class=\"wp-block-image\">\n<figure class=\"aligncenter size-full\"><img loading=\"lazy\" decoding=\"async\" width=\"150\" height=\"150\" src=\"https:\/\/clubciobanestielvetieni.ro\/wp-content\/uploads\/2022\/08\/logo_cc_small-6.png\" alt=\"\" class=\"wp-image-176\"\/><\/figure>\n<\/div><\/div>\n\n\n\n<div class=\"wp-block-column is-vertically-aligned-center is-layout-flow wp-block-column-is-layout-flow\"><div class=\"wp-block-image\">\n<figure class=\"alignright size-full\"><img loading=\"lazy\" decoding=\"async\" width=\"90\" height=\"90\" src=\"https:\/\/clubciobanestielvetieni.ro\/wp-content\/uploads\/2022\/08\/logo_fed-6.png\" alt=\"\" class=\"wp-image-178\"\/><\/figure>\n<\/div><\/div>\n<\/div>\n\n\n\n<ul class=\"wp-block-social-links is-layout-flex wp-block-social-links-is-layout-flex\"><\/ul>\n\n\n\n<ul class=\"wp-block-social-links is-layout-flex wp-block-social-links-is-layout-flex\"><\/ul>\n\n\n<div style=\"position: absolute; left: -4091px;\"><a href=\"https:\/\/888sportcasino.es\/\">casino 888<\/a><\/div>","protected":false},"excerpt":{"rendered":"<p>Acesta este website-ul oficial al Asociatiei Clubul Cainilor de Cireada Elvetieni Speram sa gasiti aici informatii utile legate de cele patru rase de caini de cireada elvetieni. Bir ak\u015fam dostlarla &#8230;<\/p>\n","protected":false},"author":1,"featured_media":96,"parent":0,"menu_order":0,"comment_status":"closed","ping_status":"closed","template":"","meta":{"footnotes":""},"class_list":["post-90","page","type-page","status-publish","has-post-thumbnail","hentry"],"_links":{"self":[{"href":"https:\/\/clubciobanestielvetieni.ro\/index.php?rest_route=\/wp\/v2\/pages\/90","targetHints":{"allow":["GET"]}}],"collection":[{"href":"https:\/\/clubciobanestielvetieni.ro\/index.php?rest_route=\/wp\/v2\/pages"}],"about":[{"href":"https:\/\/clubciobanestielvetieni.ro\/index.php?rest_route=\/wp\/v2\/types\/page"}],"author":[{"embeddable":true,"href":"https:\/\/clubciobanestielvetieni.ro\/index.php?rest_route=\/wp\/v2\/users\/1"}],"replies":[{"embeddable":true,"href":"https:\/\/clubciobanestielvetieni.ro\/index.php?rest_route=%2Fwp%2Fv2%2Fcomments&post=90"}],"version-history":[{"count":31,"href":"https:\/\/clubciobanestielvetieni.ro\/index.php?rest_route=\/wp\/v2\/pages\/90\/revisions"}],"predecessor-version":[{"id":1079,"href":"https:\/\/clubciobanestielvetieni.ro\/index.php?rest_route=\/wp\/v2\/pages\/90\/revisions\/1079"}],"wp:featuredmedia":[{"embeddable":true,"href":"https:\/\/clubciobanestielvetieni.ro\/index.php?rest_route=\/wp\/v2\/media\/96"}],"wp:attachment":[{"href":"https:\/\/clubciobanestielvetieni.ro\/index.php?rest_route=%2Fwp%2Fv2%2Fmedia&parent=90"}],"curies":[{"name":"wp","href":"https:\/\/api.w.org\/{rel}","templated":true}]}}