{"id":210,"date":"2022-08-03T13:56:14","date_gmt":"2022-08-03T11:56:14","guid":{"rendered":"http:\/\/clubciobanestielvetieni.ro\/?page_id=210"},"modified":"2025-02-05T11:00:46","modified_gmt":"2025-02-05T09:00:46","slug":"entlebucher","status":"publish","type":"page","link":"https:\/\/clubciobanestielvetieni.ro\/?page_id=210","title":{"rendered":"Entlebucher Sennenhund"},"content":{"rendered":"\n<div class=\"wp-block-columns is-layout-flex wp-container-core-columns-is-layout-9d6595d7 wp-block-columns-is-layout-flex\">\n<div class=\"wp-block-column is-layout-flow wp-block-column-is-layout-flow\">\n<p><strong>ISTORIC<\/strong><\/p>\n\n\n\n<p>Rasa a fost descris\u0103 pentru prima dat\u0103 sub denumirea de \u201eEntlibucherhund\u201d \u00een revista \u201eSchweizerischer Zentralblatt f\u00fcr Jagd- und Hundeliebhaber\u201d \u00een anul 1889. Acesti c\u00e2ini erau deosebit de numero\u0219i \u00een Entlebuch, o vale care se \u00eentinde \u00een cantoanele Lucerna \u0219i Berna, de unde provine \u0219i numele rasei.<\/p>\n\n\n\n<p>Ini\u021bial, nu s-a acordat o importan\u021b\u0103 deosebit\u0103 culorilor at\u00e2t de caracteristice ast\u0103zi; cel mai important era ca ace\u0219ti c\u00e2ini s\u0103 \u00ee\u0219i poat\u0103 c\u00e2\u0219tiga existen\u021ba. Un Entlebucher Sennenhund avea sarcina de a m\u00e2na \u0219i de a p\u0103zi vitele pe timpul zilei \u0219i de a-\u0219i proteja st\u0103p\u00e2nul pe timpul nop\u021bii.<\/p>\n<\/div>\n\n\n\n<div class=\"wp-block-column is-layout-flow wp-block-column-is-layout-flow\">\n<figure class=\"wp-block-image size-full\"><img loading=\"lazy\" decoding=\"async\" width=\"820\" height=\"312\" src=\"https:\/\/clubciobanestielvetieni.ro\/wp-content\/uploads\/2025\/02\/Entlebucher.jpg\" alt=\"\" class=\"wp-image-706\" style=\"aspect-ratio:4\/3;object-fit:cover\" srcset=\"https:\/\/clubciobanestielvetieni.ro\/wp-content\/uploads\/2025\/02\/Entlebucher.jpg 820w, https:\/\/clubciobanestielvetieni.ro\/wp-content\/uploads\/2025\/02\/Entlebucher-300x114.jpg 300w, https:\/\/clubciobanestielvetieni.ro\/wp-content\/uploads\/2025\/02\/Entlebucher-768x292.jpg 768w, https:\/\/clubciobanestielvetieni.ro\/wp-content\/uploads\/2025\/02\/Entlebucher-24x9.jpg 24w, https:\/\/clubciobanestielvetieni.ro\/wp-content\/uploads\/2025\/02\/Entlebucher-36x14.jpg 36w, https:\/\/clubciobanestielvetieni.ro\/wp-content\/uploads\/2025\/02\/Entlebucher-48x18.jpg 48w\" sizes=\"auto, (max-width: 820px) 100vw, 820px\" \/><\/figure>\n<\/div>\n<\/div>\n\n\n\n<p>\u00cen 1913, patru exemplare din aceast\u0103 ras\u0103 mic\u0103 de c\u00e2ini de turm\u0103, cu coad\u0103 scurt\u0103, au fost prezentate la o expozi\u021bie canin\u0103 \u00een Langenthal. Pe baza rapoartelor juriului, \u00een 1914, Entlebucher Mountain Dog a devenit a patra ras\u0103 de c\u00e2ine de cireada \u00eenscris\u0103 \u00een registrul genealogic elve\u021bian. Clubul \u201eKlub f\u00fcr Entlebucher Sennenhunde\u201d a fost fondat \u00een Elve\u021bia \u00een 1926, iar \u00een 1927, la o expozi\u021bie special\u0103 pentru c\u00e2inii de cireada, au fost prezentate 16 exemplare, asigur\u00e2nd astfel viitorul rasei. Primul standard oficial a fost stabilit \u00een 1927.<\/p>\n\n\n\n<p><strong>UTILIZARE<\/strong><\/p>\n\n\n\n<p>Entlebucher Mountain Dog este un c\u00e2ine de paz\u0103 \u0219i turm\u0103 \u0219i are nevoie de mult\u0103 activitate fizic\u0103. Are nevoie de stimulare mental\u0103 prin diverse activit\u0103\u021bi, iar toate tipurile de exerci\u021bii care implic\u0103 folosirea mirosului sunt benefice. De asemenea, se descurc\u0103 bine \u00een discipline precum obedien\u021ba competitiv\u0103 \u0219i agilitatea. Este un c\u00e2ine care are nevoie de mult\u0103 activitate. Dac\u0103 i se ofer\u0103 suficient\u0103 stimulare, va deveni un excelent c\u00e2ine de companie \u0219i se va diminua l\u0103tratul excesiv.<\/p>\n\n\n\n<p><strong>CARACTERISTICI \u2013 PERSONALITATE<\/strong><\/p>\n\n\n\n<p>Entlebucher Mountain Dog este un c\u00e2ine de turm\u0103 mic, foarte energic \u0219i alert, care latr\u0103 frecvent. Este afectuos cu familia sa, dar de obicei rezervat fa\u021b\u0103 de str\u0103ini. Este extrem de loial st\u0103p\u00e2nului s\u0103u \u0219i nu \u00eei place s\u0103 fie departe de liderul familiei. Va a\u0219tepta fericit l\u00e2ng\u0103 tine doar pentru a fi \u00een apropierea ta.<br>Acest c\u00e2ine nu se adapteaz\u0103 la via\u021ba \u00eentr-un \u021barc sau la perioade lungi de singur\u0103tate. Are nevoie de mult\u0103 socializare \u0219i antrenament \u00een medii variate. Este u\u0219or de dresat, dar are nevoie de activitate mental\u0103 \u0219i fizic\u0103 adecvat\u0103 pentru a fi echilibrat.<\/p>\n\n\n\n<p><strong>DIMENSIUNE \u0218I ASPECT<\/strong><\/p>\n\n\n\n<p>Entlebucher Mountain Dog este cea mai mic\u0103 dintre cele patru rase de c\u00e2ini de cireada elvetieni. Este un c\u00e2ine musculos, rapid \u0219i agil. \u00cen\u0103l\u021bimea la greab\u0103n este de 44 \u2013 50 cm pentru masculi \u0219i 42 \u2013 48 cm pentru femele. Blana trebuie s\u0103 fie scurt\u0103, lipit\u0103 de corp, tare \u0219i lucioas\u0103. Culoarea este tricolor\u0103, av\u00e2nd o baz\u0103 neagr\u0103 cu marcaje galbene p\u00e2n\u0103 la maro-ruginiu \u0219i semne albe c\u00e2t mai simetrice posibil.<\/p>\n\n\n\n<p><strong>\u00ceNGRIJIREA BL\u0102NII<\/strong><\/p>\n\n\n\n<p>Blana este u\u0219or de \u00eentre\u021binut. C\u00e2inele n\u0103p\u00e2rle\u0219te, de obicei, de dou\u0103 ori pe an.<\/p>\n\n\n\n<p><strong>LUCRURI DE LUAT \u00ceN CONSIDERARE DAC\u0102 E\u0218TI INTERESAT DE RAS\u0102<\/strong><\/p>\n\n\n\n<ol class=\"wp-block-list\">\n<li>Cre\u0219terea \u0219i educarea unui Entlebucher Mountain Dog necesit\u0103 experien\u021b\u0103 \u00een dresaj, de preferat experien\u021ba anterioar\u0103 cu un alt c\u00e2ine.<\/li>\n\n\n\n<li>Este un c\u00e2ine vioi \u0219i alert, care are nevoie de activit\u0103\u021bi \u0219i sarcini semnificative. Necesit\u0103 mult\u0103 mi\u0219care \u0219i stimulare mental\u0103.<\/li>\n\n\n\n<li>Deoarece rasa este, \u00een mod natural, rezervat\u0103 fa\u021b\u0103 de str\u0103ini, puiul ar trebui s\u0103 fie expus la c\u00e2t mai multe persoane \u00eenc\u0103 de la \u00eenceput, \u00een condi\u021bii naturale, pentru a evita dezvoltarea unui comportament excesiv de precaut.<\/li>\n\n\n\n<li>Entlebucher Mountain Dog are o mare nevoie de apartenen\u021b\u0103 la un grup \u0219i de conexiune cu membrii familiei. Pentru a satisface acest aspect, proprietarul trebuie s\u0103 aib\u0103 posibilitatea de a petrece cea mai mare parte a zilei al\u0103turi de c\u00e2ine. Singur\u0103tatea \u00ee\u0219i las\u0103 rapid amprenta, transform\u00e2nd c\u00e2inele \u00eentr-un individ antisocial.<\/li>\n\n\n\n<li>Av\u00e2nd originea \u00een munca de paz\u0103 \u0219i control al turmelor prin l\u0103trat, acest c\u00e2ine are tendin\u021ba natural\u0103 de a l\u0103tra \u00een diverse situa\u021bii. Din acest motiv, este mai pu\u021bin potrivit pentru via\u021ba \u00eentr-un apartament.<\/li>\n<\/ol>\n\n\n\n<p>Sursa: Svenska Sennenhundklubben<\/p>\n\n\n\n<p><\/p>\n\n\n\n<p><\/p>\n\n\n\n<p>Standardul rasei EN <a href=\"https:\/\/clubciobanestielvetieni.ro\/wp-content\/uploads\/2022\/08\/047g02-de.pdf\" data-type=\"attachment\" data-id=\"263\">047g02-de<\/a><\/p>\n\n\n\n<p>Standardul rasei DE <a href=\"https:\/\/clubciobanestielvetieni.ro\/wp-content\/uploads\/2022\/08\/047g02-de.pdf\" data-type=\"attachment\" data-id=\"263\">047g02-de<\/a><\/p>\n","protected":false},"excerpt":{"rendered":"<p>ISTORIC Rasa a fost descris\u0103 pentru prima dat\u0103 sub denumirea de \u201eEntlibucherhund\u201d \u00een revista \u201eSchweizerischer Zentralblatt f\u00fcr Jagd- und Hundeliebhaber\u201d \u00een anul 1889. Acesti c\u00e2ini erau deosebit de numero\u0219i \u00een &#8230;<\/p>\n","protected":false},"author":1,"featured_media":0,"parent":32,"menu_order":0,"comment_status":"closed","ping_status":"closed","template":"","meta":{"footnotes":""},"class_list":["post-210","page","type-page","status-publish","hentry"],"_links":{"self":[{"href":"https:\/\/clubciobanestielvetieni.ro\/index.php?rest_route=\/wp\/v2\/pages\/210","targetHints":{"allow":["GET"]}}],"collection":[{"href":"https:\/\/clubciobanestielvetieni.ro\/index.php?rest_route=\/wp\/v2\/pages"}],"about":[{"href":"https:\/\/clubciobanestielvetieni.ro\/index.php?rest_route=\/wp\/v2\/types\/page"}],"author":[{"embeddable":true,"href":"https:\/\/clubciobanestielvetieni.ro\/index.php?rest_route=\/wp\/v2\/users\/1"}],"replies":[{"embeddable":true,"href":"https:\/\/clubciobanestielvetieni.ro\/index.php?rest_route=%2Fwp%2Fv2%2Fcomments&post=210"}],"version-history":[{"count":6,"href":"https:\/\/clubciobanestielvetieni.ro\/index.php?rest_route=\/wp\/v2\/pages\/210\/revisions"}],"predecessor-version":[{"id":708,"href":"https:\/\/clubciobanestielvetieni.ro\/index.php?rest_route=\/wp\/v2\/pages\/210\/revisions\/708"}],"up":[{"embeddable":true,"href":"https:\/\/clubciobanestielvetieni.ro\/index.php?rest_route=\/wp\/v2\/pages\/32"}],"wp:attachment":[{"href":"https:\/\/clubciobanestielvetieni.ro\/index.php?rest_route=%2Fwp%2Fv2%2Fmedia&parent=210"}],"curies":[{"name":"wp","href":"https:\/\/api.w.org\/{rel}","templated":true}]}}